{"id":14,"date":"2013-07-17T13:04:19","date_gmt":"2013-07-17T10:04:19","guid":{"rendered":"http:\/\/dailyravintolat\/dailynews\/?page_id=14"},"modified":"2016-03-12T18:10:16","modified_gmt":"2016-03-12T16:10:16","slug":"lehdet","status":"publish","type":"page","link":"http:\/\/dailyravintolat.fi\/dailynews\/lehdet\/","title":{"rendered":"Lehdet"},"content":{"rendered":"<h3>Dailyss\u00e4 voit lukea seuraavia lehti\u00e4<\/h3>\n<p><img loading=\"lazy\" decoding=\"async\" class=\"alignright\" src=\"\/dailynews\/wp-content\/uploads\/sites\/4\/2013\/07\/kuvalehdet-227x300.png\" alt=\"kuvalehdet\" width=\"227\" height=\"300\" \/><br \/>\n<b>Aikakauslehdet<\/b><\/p>\n<p>7-Oikein<\/p>\n<p>7 p\u00e4iv\u00e4\u00e4<\/p>\n<p>Aku Ankka<\/p>\n<p>Image<\/p>\n<p>Rumba<\/p>\n<p>Suomen Kuvalehti<\/p>\n<p>Tekniikan Maailma<\/p>\n<p>Veikkaaja<\/p>\n<p>Vene<\/p>\n<p>Viinilehti<\/p>\n<p><b>P\u00e4iv\u00e4lehdet<\/b><\/p>\n<p>Turun Sanomat<\/p>\n<p>Helsingin Sanomat<\/p>\n<p>Aamulehti<\/p>\n<p>Iltasanomat<\/p>\n<p>Iltalehti<\/p>\n<p>Uutisp\u00e4iv\u00e4<\/p>\n<p>\u00c5bo Underr\u00e4ttelser<\/p>\n<p>HBL<\/p>\n","protected":false},"excerpt":{"rendered":"<p>Dailyss\u00e4 voit lukea seuraavia lehti\u00e4 Aikakauslehdet 7-Oikein 7 p\u00e4iv\u00e4\u00e4 Aku Ankka Image Rumba Suomen Kuvalehti Tekniikan Maailma Veikkaaja Vene Viinilehti P\u00e4iv\u00e4lehdet Turun Sanomat Helsingin Sanomat Aamulehti Iltasanomat Iltalehti Uutisp\u00e4iv\u00e4 \u00c5bo Underr\u00e4ttelser HBL<\/p>\n","protected":false},"author":1,"featured_media":0,"parent":0,"menu_order":0,"comment_status":"open","ping_status":"open","template":"","meta":{"footnotes":""},"class_list":["post-14","page","type-page","status-publish","hentry"],"_links":{"self":[{"href":"http:\/\/dailyravintolat.fi\/dailynews\/wp-json\/wp\/v2\/pages\/14","targetHints":{"allow":["GET"]}}],"collection":[{"href":"http:\/\/dailyravintolat.fi\/dailynews\/wp-json\/wp\/v2\/pages"}],"about":[{"href":"http:\/\/dailyravintolat.fi\/dailynews\/wp-json\/wp\/v2\/types\/page"}],"author":[{"embeddable":true,"href":"http:\/\/dailyravintolat.fi\/dailynews\/wp-json\/wp\/v2\/users\/1"}],"replies":[{"embeddable":true,"href":"http:\/\/dailyravintolat.fi\/dailynews\/wp-json\/wp\/v2\/comments?post=14"}],"version-history":[{"count":17,"href":"http:\/\/dailyravintolat.fi\/dailynews\/wp-json\/wp\/v2\/pages\/14\/revisions"}],"predecessor-version":[{"id":227,"href":"http:\/\/dailyravintolat.fi\/dailynews\/wp-json\/wp\/v2\/pages\/14\/revisions\/227"}],"wp:attachment":[{"href":"http:\/\/dailyravintolat.fi\/dailynews\/wp-json\/wp\/v2\/media?parent=14"}],"curies":[{"name":"wp","href":"https:\/\/api.w.org\/{rel}","templated":true}]}}