{"id":4,"date":"2013-07-17T12:22:11","date_gmt":"2013-07-17T09:22:11","guid":{"rendered":"http:\/\/dailyravintolat\/surutoin\/?page_id=4"},"modified":"2024-08-18T10:38:39","modified_gmt":"2024-08-18T07:38:39","slug":"etusivu","status":"publish","type":"page","link":"http:\/\/dailyravintolat.fi\/surutoin\/","title":{"rendered":"Etusivu"},"content":{"rendered":"<p><strong><a href=\"http:\/\/dailyravintolat.fi\/surutoin\/wp-content\/uploads\/sites\/3\/2018\/01\/Surutoin-50vuotta-sinetti.jpg\"><img loading=\"lazy\" decoding=\"async\" class=\"alignnone size-full wp-image-168\" src=\"http:\/\/dailyravintolat.fi\/surutoin\/wp-content\/uploads\/sites\/3\/2018\/01\/Surutoin-50vuotta-sinetti.jpg\" alt=\"\" width=\"611\" height=\"428\" srcset=\"http:\/\/dailyravintolat.fi\/surutoin\/wp-content\/uploads\/sites\/3\/2018\/01\/Surutoin-50vuotta-sinetti.jpg 611w, http:\/\/dailyravintolat.fi\/surutoin\/wp-content\/uploads\/sites\/3\/2018\/01\/Surutoin-50vuotta-sinetti-300x210.jpg 300w\" sizes=\"auto, (max-width: 611px) 100vw, 611px\" \/><\/a>.<\/strong><\/p>\n<h2>RAVINTOLA Surutoin<\/h2>\n<p>Tervetuloa tutustumaan.<\/p>\n<p>Keskeisell\u00e4 paikalla Turussa sijaitseva Surutoin tarjoaa asiakkailleen edulliset hinnat, kylm\u00e4t juotavat ja hyv\u00e4n palvelun. Meille on helppo poiketa my\u00f6s ty\u00f6p\u00e4iv\u00e4n j\u00e4lkeen.<strong>\u00a0<\/strong><\/p>\n<p>Meilt\u00e4 l\u00f6ytyv\u00e4t p\u00e4iv\u00e4n lehdet ja mukava valikoima my\u00f6s aikakauslehti\u00e4.<\/p>\n<p>Itse\u00e4si vot viihdytt\u00e4\u00e4 Biljardin , Dartsin tai vaikkapa Ray:n peleill\u00e4.<strong><img loading=\"lazy\" decoding=\"async\" class=\"wp-image-42 alignright\" src=\"http:\/\/dailyravintolat.fi\/surutoin\/wp-content\/uploads\/sites\/3\/2013\/07\/surutoin-banner.jpg\" alt=\"surutoin-banner\" width=\"336\" height=\"100\" srcset=\"http:\/\/dailyravintolat.fi\/surutoin\/wp-content\/uploads\/sites\/3\/2013\/07\/surutoin-banner.jpg 740w, http:\/\/dailyravintolat.fi\/surutoin\/wp-content\/uploads\/sites\/3\/2013\/07\/surutoin-banner-300x89.jpg 300w\" sizes=\"auto, (max-width: 336px) 100vw, 336px\" \/><\/strong><\/p>\n<p>Porukalla voi pelailla lautapelej\u00e4 .<\/p>\n<p>Opiskelijakokoontuminen tulossa?<\/p>\n<p>Ravintola Daily Surutoin on etsim\u00e4si ravintola, josta yl\u00e4kerran tilat k\u00e4ytt\u00f6\u00f6si ilman tilavuokraa erilaisiin tapahtumiin.<\/p>\n","protected":false},"excerpt":{"rendered":"<p>. RAVINTOLA Surutoin Tervetuloa tutustumaan. Keskeisell\u00e4 paikalla Turussa sijaitseva Surutoin tarjoaa asiakkailleen edulliset hinnat, kylm\u00e4t juotavat ja hyv\u00e4n palvelun. Meille on helppo poiketa my\u00f6s ty\u00f6p\u00e4iv\u00e4n j\u00e4lkeen.\u00a0 Meilt\u00e4 l\u00f6ytyv\u00e4t p\u00e4iv\u00e4n lehdet ja mukava valikoima my\u00f6s aikakauslehti\u00e4. Itse\u00e4si vot viihdytt\u00e4\u00e4 Biljardin , &hellip; <a href=\"http:\/\/dailyravintolat.fi\/surutoin\/\">Lue lis\u00e4\u00e4 <span class=\"meta-nav\">&rarr;<\/span><\/a><\/p>\n","protected":false},"author":1,"featured_media":0,"parent":0,"menu_order":0,"comment_status":"open","ping_status":"open","template":"page-front.php","meta":{"footnotes":""},"class_list":["post-4","page","type-page","status-publish","hentry"],"_links":{"self":[{"href":"http:\/\/dailyravintolat.fi\/surutoin\/wp-json\/wp\/v2\/pages\/4","targetHints":{"allow":["GET"]}}],"collection":[{"href":"http:\/\/dailyravintolat.fi\/surutoin\/wp-json\/wp\/v2\/pages"}],"about":[{"href":"http:\/\/dailyravintolat.fi\/surutoin\/wp-json\/wp\/v2\/types\/page"}],"author":[{"embeddable":true,"href":"http:\/\/dailyravintolat.fi\/surutoin\/wp-json\/wp\/v2\/users\/1"}],"replies":[{"embeddable":true,"href":"http:\/\/dailyravintolat.fi\/surutoin\/wp-json\/wp\/v2\/comments?post=4"}],"version-history":[{"count":6,"href":"http:\/\/dailyravintolat.fi\/surutoin\/wp-json\/wp\/v2\/pages\/4\/revisions"}],"predecessor-version":[{"id":192,"href":"http:\/\/dailyravintolat.fi\/surutoin\/wp-json\/wp\/v2\/pages\/4\/revisions\/192"}],"wp:attachment":[{"href":"http:\/\/dailyravintolat.fi\/surutoin\/wp-json\/wp\/v2\/media?parent=4"}],"curies":[{"name":"wp","href":"https:\/\/api.w.org\/{rel}","templated":true}]}}