{"id":9,"date":"2013-07-17T12:24:47","date_gmt":"2013-07-17T09:24:47","guid":{"rendered":"http:\/\/dailyravintolat\/surutoin\/?page_id=9"},"modified":"2013-08-27T13:41:46","modified_gmt":"2013-08-27T10:41:46","slug":"ravintola","status":"publish","type":"page","link":"http:\/\/dailyravintolat.fi\/surutoin\/ravintola\/","title":{"rendered":"Ravintola"},"content":{"rendered":"<h3>Pubi jossa viihtyy pidemp\u00e4\u00e4nkin<\/h3>\n<p>Kun kaipaat heng\u00e4hdystaukoa rankan ty\u00f6p\u00e4iv\u00e4n j\u00e4lkeen tai illan viettopaikkaa porukalle,<a href=\"http:\/\/www.surutoin.fi\/ravintola\" target=\"_self\">tule<\/a>\u00a0ja tutustu Ravintola Surutoiniin!<\/p>\n<p>Hyvien kulkuyhteyksien varrella Kaskenm\u00e4en p\u00e4\u00e4ll\u00e4 sijaitseva ravintolamme palvelee asiakkaitaan kylmill\u00e4 ja edullisilla juomilla sek\u00e4 iloisella asiakaspalvelulla.<\/p>\n<p>Tilamme on my\u00f6s mahdollista varata ilman tilavuokraa 60-70 henkil\u00f6lle. Tilamme sopivat mm. polttareihin, syntym\u00e4p\u00e4iviin ja opiskelijakokoontumisiin.<\/p>\n<p>&nbsp;<\/p>\n<p><strong>Meill\u00e4 on A-oikeudet<\/strong>.<\/p>\n","protected":false},"excerpt":{"rendered":"<p>Pubi jossa viihtyy pidemp\u00e4\u00e4nkin Kun kaipaat heng\u00e4hdystaukoa rankan ty\u00f6p\u00e4iv\u00e4n j\u00e4lkeen tai illan viettopaikkaa porukalle,tule\u00a0ja tutustu Ravintola Surutoiniin! Hyvien kulkuyhteyksien varrella Kaskenm\u00e4en p\u00e4\u00e4ll\u00e4 sijaitseva ravintolamme palvelee asiakkaitaan kylmill\u00e4 ja edullisilla juomilla sek\u00e4 iloisella asiakaspalvelulla. Tilamme on my\u00f6s mahdollista varata ilman tilavuokraa &hellip; <a href=\"http:\/\/dailyravintolat.fi\/surutoin\/ravintola\/\">Lue lis\u00e4\u00e4 <span class=\"meta-nav\">&rarr;<\/span><\/a><\/p>\n","protected":false},"author":1,"featured_media":0,"parent":0,"menu_order":0,"comment_status":"open","ping_status":"open","template":"","meta":{"footnotes":""},"class_list":["post-9","page","type-page","status-publish","hentry"],"_links":{"self":[{"href":"http:\/\/dailyravintolat.fi\/surutoin\/wp-json\/wp\/v2\/pages\/9","targetHints":{"allow":["GET"]}}],"collection":[{"href":"http:\/\/dailyravintolat.fi\/surutoin\/wp-json\/wp\/v2\/pages"}],"about":[{"href":"http:\/\/dailyravintolat.fi\/surutoin\/wp-json\/wp\/v2\/types\/page"}],"author":[{"embeddable":true,"href":"http:\/\/dailyravintolat.fi\/surutoin\/wp-json\/wp\/v2\/users\/1"}],"replies":[{"embeddable":true,"href":"http:\/\/dailyravintolat.fi\/surutoin\/wp-json\/wp\/v2\/comments?post=9"}],"version-history":[{"count":3,"href":"http:\/\/dailyravintolat.fi\/surutoin\/wp-json\/wp\/v2\/pages\/9\/revisions"}],"predecessor-version":[{"id":49,"href":"http:\/\/dailyravintolat.fi\/surutoin\/wp-json\/wp\/v2\/pages\/9\/revisions\/49"}],"wp:attachment":[{"href":"http:\/\/dailyravintolat.fi\/surutoin\/wp-json\/wp\/v2\/media?parent=9"}],"curies":[{"name":"wp","href":"https:\/\/api.w.org\/{rel}","templated":true}]}}