{"id":4,"date":"2013-07-17T12:39:42","date_gmt":"2013-07-17T09:39:42","guid":{"rendered":"http:\/\/dailyravintolat\/dailynews\/?page_id=4"},"modified":"2020-07-01T12:09:31","modified_gmt":"2020-07-01T09:09:31","slug":"etusivu","status":"publish","type":"page","link":"https:\/\/dailyravintolat.fi\/dailynews\/","title":{"rendered":"Etusivu"},"content":{"rendered":"<h2><a href=\"http:\/\/dailyravintolat.fi\/dailynews\/wp-content\/uploads\/sites\/4\/2013\/07\/dailynews.jpg\"><img loading=\"lazy\" decoding=\"async\" class=\"alignnone size-full wp-image-49\" src=\"http:\/\/dailyravintolat.fi\/dailynews\/wp-content\/uploads\/sites\/4\/2013\/07\/dailynews.jpg\" alt=\"\" width=\"906\" height=\"327\" srcset=\"https:\/\/dailyravintolat.fi\/dailynews\/wp-content\/uploads\/sites\/4\/2013\/07\/dailynews.jpg 906w, https:\/\/dailyravintolat.fi\/dailynews\/wp-content\/uploads\/sites\/4\/2013\/07\/dailynews-300x108.jpg 300w\" sizes=\"auto, (max-width: 906px) 100vw, 906px\" \/><\/a><\/h2>\n<p>&nbsp;<\/p>\n<h2>Daily news Vuodesta 1991<\/h2>\n<p>Daily news ei ole drinkkibaari \u2013 talon erikoinen ei ole lasissa vaan sekalaisessa seurakunnassa ja puheensorinassa. Jotain raikasta tarkoittaa ulkoilmaa.<\/p>\n<p><strong>Pub Daily News on auki joka p\u00e4iv\u00e4 klo 09.00 \u2013 02.00<\/strong><\/p>\n<p>Oluita ja siidereit\u00e4 on. Ja peruskeitot. Kahvia ja pikkusuolaistakin l\u00f6ytyy. Ja p\u00e4tk\u00e4 baaritiski\u00e4 tilauksen tekemiseksi. Dailyss\u00e4 ei soiteta, ei tanssita eik\u00e4 lauleta.<\/p>\n<p>Ja henkil\u00f6kunta on aina oikeassa.<\/p>\n<p>Talvellakaan ei tarvitse menn\u00e4 ulos tupakalle vaan voit tuprutella tupakkakopissa. Juomia ei tupakkakoppiin vied\u00e4, se on vain savuttelua varten. Tupakkakopin kuvan n\u00e4et\u00a0<a href=\"\/dailynews\/wp-content\/uploads\/sites\/4\/2013\/07\/tupakkakoppi.jpg\">t\u00e4\u00e4lt\u00e4<\/a>.<\/p>\n","protected":false},"excerpt":{"rendered":"<p>&nbsp; Daily news Vuodesta 1991 Daily news ei ole drinkkibaari \u2013 talon erikoinen ei ole lasissa vaan sekalaisessa seurakunnassa ja puheensorinassa. Jotain raikasta tarkoittaa ulkoilmaa. Pub Daily News on auki joka p\u00e4iv\u00e4 klo 09.00 \u2013 02.00 Oluita ja siidereit\u00e4 on. &hellip; <a href=\"https:\/\/dailyravintolat.fi\/dailynews\/\">Lue lis\u00e4\u00e4 <span class=\"meta-nav\">&rarr;<\/span><\/a><\/p>\n","protected":false},"author":1,"featured_media":0,"parent":0,"menu_order":0,"comment_status":"open","ping_status":"open","template":"page-front.php","meta":{"footnotes":""},"class_list":["post-4","page","type-page","status-publish","hentry"],"_links":{"self":[{"href":"https:\/\/dailyravintolat.fi\/dailynews\/wp-json\/wp\/v2\/pages\/4","targetHints":{"allow":["GET"]}}],"collection":[{"href":"https:\/\/dailyravintolat.fi\/dailynews\/wp-json\/wp\/v2\/pages"}],"about":[{"href":"https:\/\/dailyravintolat.fi\/dailynews\/wp-json\/wp\/v2\/types\/page"}],"author":[{"embeddable":true,"href":"https:\/\/dailyravintolat.fi\/dailynews\/wp-json\/wp\/v2\/users\/1"}],"replies":[{"embeddable":true,"href":"https:\/\/dailyravintolat.fi\/dailynews\/wp-json\/wp\/v2\/comments?post=4"}],"version-history":[{"count":6,"href":"https:\/\/dailyravintolat.fi\/dailynews\/wp-json\/wp\/v2\/pages\/4\/revisions"}],"predecessor-version":[{"id":268,"href":"https:\/\/dailyravintolat.fi\/dailynews\/wp-json\/wp\/v2\/pages\/4\/revisions\/268"}],"wp:attachment":[{"href":"https:\/\/dailyravintolat.fi\/dailynews\/wp-json\/wp\/v2\/media?parent=4"}],"curies":[{"name":"wp","href":"https:\/\/api.w.org\/{rel}","templated":true}]}}